{"id":29057,"date":"2023-08-11T12:12:29","date_gmt":"2023-08-11T12:12:29","guid":{"rendered":"https:\/\/dasco.ro\/?page_id=29057"},"modified":"2023-10-25T12:45:08","modified_gmt":"2023-10-25T12:45:08","slug":"politica-retur","status":"publish","type":"page","link":"https:\/\/dasco.ro\/en\/politica-retur\/","title":{"rendered":"Return policy"},"content":{"rendered":"<div data-elementor-type=\"wp-page\" data-elementor-id=\"29057\" class=\"elementor elementor-29057\" data-elementor-post-type=\"page\">\n\t\t\t\t\t\t<section class=\"elementor-section elementor-top-section elementor-element elementor-element-9db9281 elementor-section-boxed elementor-section-height-default elementor-section-height-default\" data-id=\"9db9281\" data-element_type=\"section\" data-e-type=\"section\">\n\t\t\t\t\t\t<div class=\"elementor-container elementor-column-gap-default\">\n\t\t\t\t\t<div class=\"elementor-column elementor-col-100 elementor-top-column elementor-element elementor-element-1f01edb\" data-id=\"1f01edb\" data-element_type=\"column\" data-e-type=\"column\">\n\t\t\t<div class=\"elementor-widget-wrap\">\n\t\t\t\t\t\t\t<\/div>\n\t\t<\/div>\n\t\t\t\t\t<\/div>\n\t\t<\/section>\n\t\t\t\t<section class=\"elementor-section elementor-top-section elementor-element elementor-element-62bc1df elementor-section-boxed elementor-section-height-default elementor-section-height-default\" data-id=\"62bc1df\" data-element_type=\"section\" data-e-type=\"section\">\n\t\t\t\t\t\t<div class=\"elementor-container elementor-column-gap-default\">\n\t\t\t\t\t<div class=\"elementor-column elementor-col-100 elementor-top-column elementor-element elementor-element-f7252a4\" data-id=\"f7252a4\" data-element_type=\"column\" data-e-type=\"column\">\n\t\t\t<div class=\"elementor-widget-wrap elementor-element-populated\">\n\t\t\t\t\t\t<div class=\"elementor-element elementor-element-19ce2da elementor-widget elementor-widget-heading\" data-id=\"19ce2da\" data-element_type=\"widget\" data-e-type=\"widget\" data-widget_type=\"heading.default\">\n\t\t\t\t<div class=\"elementor-widget-container\">\n\t\t\t\t\t<h2 class=\"elementor-heading-title elementor-size-default\">Politica retur Dasco Distribution Concept<\/h2>\t\t\t\t<\/div>\n\t\t\t\t<\/div>\n\t\t\t\t\t<\/div>\n\t\t<\/div>\n\t\t\t\t\t<\/div>\n\t\t<\/section>\n\t\t\t\t<section class=\"elementor-section elementor-top-section elementor-element elementor-element-ec4f1a6 elementor-section-boxed elementor-section-height-default elementor-section-height-default\" data-id=\"ec4f1a6\" data-element_type=\"section\" data-e-type=\"section\">\n\t\t\t\t\t\t<div class=\"elementor-container elementor-column-gap-default\">\n\t\t\t\t\t<div class=\"elementor-column elementor-col-100 elementor-top-column elementor-element elementor-element-3e806ab\" data-id=\"3e806ab\" data-element_type=\"column\" data-e-type=\"column\">\n\t\t\t<div class=\"elementor-widget-wrap elementor-element-populated\">\n\t\t\t\t\t\t<div class=\"elementor-element elementor-element-6303cf3 elementor-widget elementor-widget-text-editor\" data-id=\"6303cf3\" data-element_type=\"widget\" data-e-type=\"widget\" data-widget_type=\"text-editor.default\">\n\t\t\t\t<div class=\"elementor-widget-container\">\n\t\t\t\t\t\t\t\t\t<p><strong><em>Capitolul I \u2013 Dispozi\u021bii generale<\/em><\/strong><\/p>\n<p>\u00cen\u021belesul unor termeni<\/p>\n<p>Termenii cu majuscule folosi\u021bi \u00een continuare, dac\u0103 nu rezult\u0103 altfel din context, au \u00een\u021belesul prev\u0103zut \u00een Termenii \u0219i Condi\u021biile <b>SC DASCO DISTRIBUTION CONCEPT SRL<\/b><\/p>\n<p>Completarea Politicii de retur<\/p>\n<p>\u00cen urma achizi\u021bion\u0103rii Produselor comercializate de Societate, prin intermediul Website-ului, \u00eentre Dumneavoastr\u0103 \u0219i Societate se \u00eencheie un Contract la distan\u021b\u0103. Con\u021binutul acestui Contract la distan\u021b\u0103 este prev\u0103zut de Termenii \u0219i Condi\u021biile SC DASCO DISTRIBUTION CONCEPT SRL, \u00eempreun\u0103 cu dispozi\u021biile legale ce se aplic\u0103 \u00een completare, de Politicie GDPR \u0219i de prezenta Politic\u0103 de retur.<\/p>\n<p>Politica de retur prevede, \u00een continuare, condi\u021biile \u00een care pute\u021bi beneficia de dreptul de a returna Produsele, urm\u00e2nd a v\u0103 fi rambursate sumele achitate cu ocazia achizi\u021biei.<\/p>\n<p><\/p>\n<p><strong><em>Capitolul II \u2013 Dreptul de retragere din contract (dreptul de retur al Produselor)<\/em><\/strong><\/p>\n<p>\u00cen conformitate cu dispozi\u021biile legale, dac\u0103 ave\u021bi calitatea de Consumator, beneficia\u021bi de un drept de retragere din Contractul la distan\u021b\u0103 \u00eencheiat, f\u0103r\u0103 a fi necesar s\u0103 v\u0103 justifica\u021bi \u00een vreun fel decizia. Altfel spus, ave\u021bi posibilitatea de a returna Produsele achizi\u021bionate \u00een urma \u00eencheierii Contractului la distan\u021b\u0103, \u00een condi\u021biile descrise mai jos, f\u0103r\u0103 a fi necesar s\u0103 v\u0103 justifica\u021bi decizia, urm\u00e2nd ca Societatea s\u0103 v\u0103 restituie sumele de bani achitate ca pre\u021b. Dispozi\u021biile legale con\u021binute \u00een art. 9 alin. 1 din O.U.G. nr. 34\/2014 prev\u0103d urm\u0103toarele: \u201eCu excep\u021bia cazurilor prev\u0103zute la art. 16, consumatorul beneficiaz\u0103 de o perioad\u0103 de 14 zile pentru a se retrage dintr-un contract la distan\u021b\u0103 sau dintr-un contract \u00een afara spa\u021biilor comerciale, f\u0103r\u0103 a fi nevoit s\u0103 justifice decizia de retragere \u0219i f\u0103r\u0103 a suporta alte costuri dec\u00e2t cele prev\u0103zute la art. 13 alin. (3) \u0219i la art. 14\u201d.<\/p>\n<p>Potrivit dispozi\u021biilor legale, dreptul de retragere poate fi exercitat \u00eentr-o perioad\u0103 de 14 zile de la momentul livr\u0103rii produselor, astfel cum este detaliat mai jos. Totu\u0219i, Societatea, \u00een considerarea protej\u0103rii intereselor clien\u021bilor s\u0103i, care au calitatea de Consumatori, \u0219i a cre\u0219terii gradului de satisfac\u021bie a acestora, va acorda o perioad\u0103 mai mare, de 30 de zile, \u00een care v\u0103 pute\u021bi exercita dreptul de retragere.<\/p>\n<p>Perioada de retragere \u00een care pute\u021bi opta pentru returnarea Produselor expir\u0103 \u00een termen de 30 de zile de la:<\/p>\n<p>Ziua \u00een care Dumneavoastr\u0103 sau persoana indicat\u0103 de Dumneavoastr\u0103 intra\u021bi\/intr\u0103 \u00een posesia fizic\u0103 a Produselor; \u00cen cazul \u00een care efectua\u021bi o singur\u0103 comand\u0103 cu privire la mai multe Produse, iar acestea sunt livrate separat sau \u00een mai multe loturi, ziua \u00een care Dumneavoastr\u0103 sau persoana indicat\u0103 de Dumneavoastr\u0103 intra\u021bi\/intr\u0103 \u00een posesia fizic\u0103 a ultimului Produs sau lot de Produse.<\/p>\n<p><\/p>\n<p><strong>Pentru a returna produsele:<\/strong><\/p>\n<p>Ne puteti anunta telefonic la <strong>0314 326 772<\/strong>&nbsp; sau prin email la <a href=\"mailto:office@dasco.ro\">office@dasco.ro<\/a> specificand numarul comenzii pentru care doriti sa faceti returul.<\/p>\n<p>\u00cen conformitate cu dispozi\u021biile legale \u0219i \u00een func\u021bie de preferin\u021bele Dumneavoastr\u0103, ave\u021bi posibilitatea de a utiliza \u0219i formularul prev\u0103zut \u00een Partea B din Anexa Ordonan\u021bei de Urgen\u021b\u0103 a Guvernului nr. 34\/2014 privind privind drepturile consumatorilor \u00een cadrul contractelor \u00eencheiate cu profesioni\u0219tii, precum \u0219i pentru modificarea \u0219i completarea unor acte normative, cu modific\u0103rile ulterioare.<\/p>\n<p>Dup\u0103 comunicarea op\u021biunii Dumneavoastr\u0103, \u00een sensul exercit\u0103rii dreptului de retragere (retur), Contractul la distan\u021b\u0103 nu va mai fi executat, obliga\u021biile prev\u0103zute \u00een acesta fiind stinse.<\/p>\n<p>Dup\u0103 comunicarea op\u021biunii, \u00een cazul \u00een care a\u021bi intrat \u00een posesia Produselor, ave\u021bi obliga\u021bia de a le returna Societ\u0103\u021bii. Adresa pentru transmiterea Produselor este: <strong>Sos de Centura, nr. 13, Mega Distribution Concept, Chiajna, jud. Ilfov, cod postal 077040<\/strong>. Returnarea acestora se va realiza prin curier. Costurile return\u0103rii vor fi suportate de Societate daca returnarea se face dintr-o eroare interna (primit un produs gresit, deteriorat sau care nu coresounde descrierii de pe site). In cazul in care dvs solicitati returul dintr-un motiv neimputabil SC DASCO DISTRIBUTION CONCEPT SRL, costurile vor fi suportate de catre client.<\/p>\n<p>\u00cen cazul \u00een care a\u021bi achitat pre\u021bul Produselor (inclusiv costurile de transport), declara\u021bi \u0219i accepta\u021bi expres ca acest pre\u021b \u00eencasat s\u0103 v\u0103 fie restituit prin transfer bancar, \u00een contul indicat \u00een formularul prev\u0103zut pentru retur. Sumele \u00een cauz\u0103 v\u0103 vor fi rambursate \u00een termen de maximum 14 zile de la comunicarea retragerii, sub rezerva return\u0103rii Produselor p\u00e2n\u0103 la expirarea acestui termen. Totu\u0219i, \u00een cazul \u00een care nu ave\u021bi un cont bancar, v\u0103 rug\u0103m s\u0103 ne contacta\u021bi la coordonatele indicate pentru a conveni un mijloc prin care s\u0103 v\u0103 restituim sumele \u00een cauz\u0103.<\/p>\n<p><\/p>\n<p><strong><em>Capitolul III \u2013 Lipsa\/\u00cencetarea\/Pierderea dreptului de retragere din Contractul la distan\u021b\u0103 (dreptului de retur)<\/em><\/strong><\/p>\n<p>\u00cen conformitate cu dispozi\u021biile legale, nu beneficia\u021bi de dreptul de retragere din Contractul la distan\u021b\u0103 (dreptul de retur la Produselor) \u00een urm\u0103toarele situa\u021bii:<\/p>\n<ul>\n<li>\u00cen cazul \u00een care achizi\u021biona\u021bi Produse care se deterioreaz\u0103 rapid sau care au un termen de expirare foarte scurt; \u00cen cazul \u00een care a\u021bi achizi\u021bionat Produse sigilate, iar acestea au fost desigilate de Dumneavoastr\u0103 \u0219i astfel nu mai pot fi returnate din motive de protec\u021bie a s\u0103n\u0103t\u0103\u021bii sau din motive de igien\u0103.<\/li>\n<li>\u00cen acest context \u0219i \u00een considerarea Produselor comercializate de Societate, respectiv dispozitive medicale \u0219i echipamente de protec\u021bie, nu pute\u021bi returna produsele \u00een cazul \u00een care acestea au fost desigilate, din ra\u021biuni de protec\u021bie a s\u0103n\u0103t\u0103\u021bii \u0219i din motive de igien\u0103.<\/li>\n<li>Totodat\u0103, nu pute\u021bi proceda la returnarea Produselor nici \u00een cazul \u00een care Produsele achizi\u021bionate sunt supuse deterior\u0103rii rapid sau au un termen de expirare foarte scurt.<\/li>\n<\/ul>\n<p>Astfel, declara\u021bi \u0219i accepta\u021bi \u00een mod expres c\u0103 nu beneficia\u021bi de dreptul de retragere\/dreptul de retur \u00een situa\u021biile descrise.<\/p>\n<p><strong><em>Capitolul IV \u2013 Alte informa\u021bii<\/em><\/strong><\/p>\n<p>\u00cen m\u0103sura \u00een care ave\u021bi nevoie de alte informa\u021bii cu privire la Politica de retur sau dac\u0103 \u00eent\u00e2mpina\u021bi dificult\u0103\u021bi \u00een returnarea Produselor, v\u0103 rug\u0103m s\u0103 ne scrie\u021bi la coordonatele indicate pentru contact sau la adresa: <a href=\"mailto:office@dasco.ro\">office@dasco.ro<\/a><\/p>\n<p>Societatea \u00ee\u0219i rezerv\u0103 dreptul de a modifica Politica de retur dup\u0103 cum consider\u0103 necesar. \u00cen m\u0103sura \u00een care, dup\u0103 efectuarea acestor modific\u0103ri, nu sunte\u021bi de acord cu noul con\u021binut, v\u0103 rug\u0103m s\u0103 nu mai utiliza\u021bi Website-ul sau Produsele Societ\u0103\u021bii.<\/p>\n<p><strong>Aceast\u0103 Politic\u0103 de retur a fost actualizat\u0103 la data de 24.10.2023.<\/strong><\/p>\t\t\t\t\t\t\t\t<\/div>\n\t\t\t\t<\/div>\n\t\t\t\t\t<\/div>\n\t\t<\/div>\n\t\t\t\t\t<\/div>\n\t\t<\/section>\n\t\t\t\t<\/div>","protected":false},"excerpt":{"rendered":"<p>Politica retur Dasco Distribution Concept Capitolul I \u2013 Dispozi\u021bii generale \u00cen\u021belesul unor termeni Termenii cu majuscule folosi\u021bi \u00een continuare, dac\u0103 nu rezult\u0103 altfel din context, au \u00een\u021belesul prev\u0103zut \u00een Termenii \u0219i Condi\u021biile SC DASCO DISTRIBUTION CONCEPT SRL Completarea Politicii de retur \u00cen urma achizi\u021bion\u0103rii Produselor comercializate de Societate, prin intermediul Website-ului, \u00eentre Dumneavoastr\u0103 \u0219i Societate [&hellip;]<\/p>\n","protected":false},"author":70,"featured_media":0,"parent":0,"menu_order":0,"comment_status":"closed","ping_status":"closed","template":"","meta":{"_acf_changed":false,"site-sidebar-layout":"no-sidebar","site-content-layout":"page-builder","ast-site-content-layout":"default","site-content-style":"default","site-sidebar-style":"default","ast-global-header-display":"","ast-banner-title-visibility":"","ast-main-header-display":"","ast-hfb-above-header-display":"","ast-hfb-below-header-display":"","ast-hfb-mobile-header-display":"","site-post-title":"disabled","ast-breadcrumbs-content":"","ast-featured-img":"disabled","footer-sml-layout":"","ast-disable-related-posts":"","theme-transparent-header-meta":"default","adv-header-id-meta":"","stick-header-meta":"","header-above-stick-meta":"","header-main-stick-meta":"","header-below-stick-meta":"","astra-migrate-meta-layouts":"default","ast-page-background-enabled":"default","ast-page-background-meta":{"desktop":{"background-color":"","background-image":"","background-repeat":"repeat","background-position":"center center","background-size":"auto","background-attachment":"scroll","background-type":"","background-media":"","overlay-type":"","overlay-color":"","overlay-opacity":"","overlay-gradient":""},"tablet":{"background-color":"","background-image":"","background-repeat":"repeat","background-position":"center center","background-size":"auto","background-attachment":"scroll","background-type":"","background-media":"","overlay-type":"","overlay-color":"","overlay-opacity":"","overlay-gradient":""},"mobile":{"background-color":"","background-image":"","background-repeat":"repeat","background-position":"center center","background-size":"auto","background-attachment":"scroll","background-type":"","background-media":"","overlay-type":"","overlay-color":"","overlay-opacity":"","overlay-gradient":""}},"ast-content-background-meta":{"desktop":{"background-color":"var(--ast-global-color-5)","background-image":"","background-repeat":"repeat","background-position":"center center","background-size":"auto","background-attachment":"scroll","background-type":"","background-media":"","overlay-type":"","overlay-color":"","overlay-opacity":"","overlay-gradient":""},"tablet":{"background-color":"var(--ast-global-color-5)","background-image":"","background-repeat":"repeat","background-position":"center center","background-size":"auto","background-attachment":"scroll","background-type":"","background-media":"","overlay-type":"","overlay-color":"","overlay-opacity":"","overlay-gradient":""},"mobile":{"background-color":"var(--ast-global-color-5)","background-image":"","background-repeat":"repeat","background-position":"center center","background-size":"auto","background-attachment":"scroll","background-type":"","background-media":"","overlay-type":"","overlay-color":"","overlay-opacity":"","overlay-gradient":""}},"footnotes":""},"class_list":["post-29057","page","type-page","status-publish","hentry"],"acf":[],"_links":{"self":[{"href":"https:\/\/dasco.ro\/en\/wp-json\/wp\/v2\/pages\/29057","targetHints":{"allow":["GET"]}}],"collection":[{"href":"https:\/\/dasco.ro\/en\/wp-json\/wp\/v2\/pages"}],"about":[{"href":"https:\/\/dasco.ro\/en\/wp-json\/wp\/v2\/types\/page"}],"author":[{"embeddable":true,"href":"https:\/\/dasco.ro\/en\/wp-json\/wp\/v2\/users\/70"}],"replies":[{"embeddable":true,"href":"https:\/\/dasco.ro\/en\/wp-json\/wp\/v2\/comments?post=29057"}],"version-history":[{"count":16,"href":"https:\/\/dasco.ro\/en\/wp-json\/wp\/v2\/pages\/29057\/revisions"}],"predecessor-version":[{"id":29972,"href":"https:\/\/dasco.ro\/en\/wp-json\/wp\/v2\/pages\/29057\/revisions\/29972"}],"wp:attachment":[{"href":"https:\/\/dasco.ro\/en\/wp-json\/wp\/v2\/media?parent=29057"}],"curies":[{"name":"wp","href":"https:\/\/api.w.org\/{rel}","templated":true}]}}